{"id":9308,"date":"2021-10-25T14:39:47","date_gmt":"2021-10-25T12:39:47","guid":{"rendered":"https:\/\/chaletrobinson.be\/brunch\/"},"modified":"2025-09-18T14:45:16","modified_gmt":"2025-09-18T12:45:16","slug":"brunch","status":"publish","type":"page","link":"https:\/\/chaletrobinson.be\/nl\/brunch\/","title":{"rendered":"Brunch"},"content":{"rendered":"\t\t<div data-elementor-type=\"wp-page\" data-elementor-id=\"9308\" class=\"elementor elementor-9308 elementor-24\" data-elementor-post-type=\"page\">\n\t\t\t\t\t\t<section class=\"elementor-section elementor-top-section elementor-element elementor-element-22ece24 elementor-section-height-min-height elementor-section-boxed elementor-section-height-default elementor-section-items-middle\" data-id=\"22ece24\" data-element_type=\"section\" data-settings=\"{&quot;background_background&quot;:&quot;classic&quot;}\">\n\t\t\t\t\t\t\t<div class=\"elementor-background-overlay\"><\/div>\n\t\t\t\t\t\t\t<div class=\"elementor-container elementor-column-gap-default\">\n\t\t\t\t\t<div class=\"elementor-column elementor-col-100 elementor-top-column elementor-element elementor-element-b965a64\" data-id=\"b965a64\" data-element_type=\"column\">\n\t\t\t<div class=\"elementor-widget-wrap elementor-element-populated\">\n\t\t\t\t\t\t<div class=\"elementor-element elementor-element-05d8ad3 elementor-widget elementor-widget-heading\" data-id=\"05d8ad3\" data-element_type=\"widget\" data-widget_type=\"heading.default\">\n\t\t\t\t<div class=\"elementor-widget-container\">\n\t\t\t<h2 class=\"elementor-heading-title elementor-size-default\">Uw brunch in Chalet Robinson<\/h2>\t\t<\/div>\n\t\t\t\t<\/div>\n\t\t\t\t\t<\/div>\n\t\t<\/div>\n\t\t\t\t\t<\/div>\n\t\t<\/section>\n\t\t\t\t<section class=\"elementor-section elementor-top-section elementor-element elementor-element-526aac24 elementor-section-stretched animated-slow elementor-section-boxed elementor-section-height-default elementor-section-height-default elementor-invisible\" data-id=\"526aac24\" data-element_type=\"section\" data-settings=\"{&quot;stretch_section&quot;:&quot;section-stretched&quot;,&quot;animation&quot;:&quot;fadeIn&quot;}\">\n\t\t\t\t\t\t<div class=\"elementor-container elementor-column-gap-custom\">\n\t\t\t\t\t<div class=\"elementor-column elementor-col-100 elementor-top-column elementor-element elementor-element-ff13ceb\" data-id=\"ff13ceb\" data-element_type=\"column\" data-settings=\"{&quot;background_background&quot;:&quot;gradient&quot;}\">\n\t\t\t<div class=\"elementor-widget-wrap elementor-element-populated\">\n\t\t\t\t\t\t<div class=\"elementor-element elementor-element-bd2d151 elementor-widget elementor-widget-heading\" data-id=\"bd2d151\" data-element_type=\"widget\" data-widget_type=\"heading.default\">\n\t\t\t\t<div class=\"elementor-widget-container\">\n\t\t\t<span class=\"elementor-heading-title elementor-size-default\">Op zondag<\/span>\t\t<\/div>\n\t\t\t\t<\/div>\n\t\t\t\t<div class=\"elementor-element elementor-element-91d36b7 elementor-widget-divider--view-line elementor-widget elementor-widget-divider\" data-id=\"91d36b7\" data-element_type=\"widget\" data-widget_type=\"divider.default\">\n\t\t\t\t<div class=\"elementor-widget-container\">\n\t\t\t\t\t<div class=\"elementor-divider\">\n\t\t\t<span class=\"elementor-divider-separator\">\n\t\t\t\t\t\t<\/span>\n\t\t<\/div>\n\t\t\t\t<\/div>\n\t\t\t\t<\/div>\n\t\t\t\t<div class=\"elementor-element elementor-element-63ee949 elementor-widget elementor-widget-heading\" data-id=\"63ee949\" data-element_type=\"widget\" data-widget_type=\"heading.default\">\n\t\t\t\t<div class=\"elementor-widget-container\">\n\t\t\t<h1 class=\"elementor-heading-title elementor-size-large\">Smul van de beste brunch in Brussel en omstreken!<\/h1>\t\t<\/div>\n\t\t\t\t<\/div>\n\t\t\t\t<div class=\"elementor-element elementor-element-b296833 elementor-widget elementor-widget-text-editor\" data-id=\"b296833\" data-element_type=\"widget\" data-widget_type=\"text-editor.default\">\n\t\t\t\t<div class=\"elementor-widget-container\">\n\t\t\t\t\t\t\t<p>Vanaf 10:30 uur voor de vroege vogels, met een tweede service om 13:00 uur voor de liefhebbers van uitslapen, nodigt Chalet Robinson u uit om te genieten van een uitstekende zoet-zoute brunch.<\/p><p>Op het menu:<\/p><ul><li>Een omeletbar voor op maat gemaakte creaties<\/li><li>Een warm buffet met heerlijke dampende gerechten zoals gehaktballetjes in saus, huisgemaakte lasagne of truffelravioli waar u van zult genieten<\/li><li>Een brunchbuffet met een assortiment brood, gebak, zalm, vleeswaren, kaas en verse salades<\/li><li>Een wafel- en pannenkoekenbar, met een overvloed aan smakelijke toppings, Een dessertbuffet met cr\u00e8me br\u00fbl\u00e9e, taartjes, panna cotta en vele andere lekkernijen.<\/li><\/ul><p>In de zomer kunt u ook genieten van een barbecue en in de winter van een chocoladefontein waar uw kinderen dol op zullen zijn.<\/p><p>Een zeer gevarieerde keuze die de eetlust van iedereen, inclusief vegetari\u00ebrs, zal bevredigen.<\/p><p><strong>Om ons te kunnen organiseren, danken wij u vriendelijk om vooraf uitsluitend via ons reserveringsformulier te reserveren.<\/strong><\/p>\t\t\t\t\t\t<\/div>\n\t\t\t\t<\/div>\n\t\t\t\t<div class=\"elementor-element elementor-element-4a1f7d4 elementor-widget elementor-widget-price-list\" data-id=\"4a1f7d4\" data-element_type=\"widget\" data-widget_type=\"price-list.default\">\n\t\t\t\t<div class=\"elementor-widget-container\">\n\t\t\t\n\t\t<ul class=\"elementor-price-list\">\n\n\t\t\t\t\t\t\t\t\t<li class=\"elementor-price-list-item\">\t\t\t\t\n\t\t\t\t<div class=\"elementor-price-list-text\">\n\t\t\t\t\t\t\t\t\t<div class=\"elementor-price-list-header\">\n\t\t\t\t\t\t\t\t\t\t\t<span class=\"elementor-price-list-title\">\n\t\t\t\t\t\t\tper volwassene\t\t\t\t\t\t<\/span>\n\t\t\t\t\t\t\t\t\t\t\t\t\t\t\t\t\t\t\t\t\t\t\t\t<span class=\"elementor-price-list-price\">45\u20ac<\/span>\n\t\t\t\t\t\t\t\t\t\t<\/div>\n\t\t\t\t\t\t\t\t\t\t\t\t\t\t\t<p class=\"elementor-price-list-description\">\n\t\t\t\t\t\t\t(\u00e0 volont\u00e9 en ijsthee) \t\t\t\t\t\t<\/p>\n\t\t\t\t\t\t\t\t<\/div>\n\t\t\t\t<\/li>\t\t\t\t\t\t\t\t\t\t\t\t<li class=\"elementor-price-list-item\">\t\t\t\t\n\t\t\t\t<div class=\"elementor-price-list-text\">\n\t\t\t\t\t\t\t\t\t<div class=\"elementor-price-list-header\">\n\t\t\t\t\t\t\t\t\t\t\t<span class=\"elementor-price-list-title\">\n\t\t\t\t\t\t\tPer kind (van 4 tot 11 jaar)\t\t\t\t\t\t<\/span>\n\t\t\t\t\t\t\t\t\t\t\t\t\t\t\t\t\t\t\t\t\t\t\t\t<span class=\"elementor-price-list-price\">22\u20ac<\/span>\n\t\t\t\t\t\t\t\t\t\t<\/div>\n\t\t\t\t\t\t\t\t\t\t\t\t\t\t\t<p class=\"elementor-price-list-description\">\n\t\t\t\t\t\t\t(\u00e0 volont\u00e9 en ijsthee) \t\t\t\t\t\t<\/p>\n\t\t\t\t\t\t\t\t<\/div>\n\t\t\t\t<\/li>\t\t\t\t\t\n\t\t<\/ul>\n\n\t\t\t\t<\/div>\n\t\t\t\t<\/div>\n\t\t\t\t<div class=\"elementor-element elementor-element-7614c7a7 elementor-align-center elementor-mobile-align-center elementor-tablet-align-center elementor-widget elementor-widget-button\" data-id=\"7614c7a7\" data-element_type=\"widget\" data-widget_type=\"button.default\">\n\t\t\t\t<div class=\"elementor-widget-container\">\n\t\t\t\t\t<div class=\"elementor-button-wrapper\">\n\t\t\t<a class=\"elementor-button elementor-button-link elementor-size-sm\" href=\"https:\/\/chaletrobinson.be\/nl\/brunch\/#reserveren\" target=\"_blank\">\n\t\t\t\t\t\t<span class=\"elementor-button-content-wrapper\">\n\t\t\t\t\t\t\t\t\t<span class=\"elementor-button-text\">Ik reserveer<\/span>\n\t\t\t\t\t<\/span>\n\t\t\t\t\t<\/a>\n\t\t<\/div>\n\t\t\t\t<\/div>\n\t\t\t\t<\/div>\n\t\t\t\t\t<\/div>\n\t\t<\/div>\n\t\t\t\t\t<\/div>\n\t\t<\/section>\n\t\t\t\t<section class=\"elementor-section elementor-top-section elementor-element elementor-element-ae76af3 elementor-section-boxed elementor-section-height-default elementor-section-height-default\" data-id=\"ae76af3\" data-element_type=\"section\">\n\t\t\t\t\t\t<div class=\"elementor-container elementor-column-gap-default\">\n\t\t\t\t\t<div class=\"elementor-column elementor-col-100 elementor-top-column elementor-element elementor-element-a1654df\" data-id=\"a1654df\" data-element_type=\"column\">\n\t\t\t<div class=\"elementor-widget-wrap elementor-element-populated\">\n\t\t\t\t\t\t<div class=\"elementor-element elementor-element-5745937 elementor-widget elementor-widget-text-editor\" data-id=\"5745937\" data-element_type=\"widget\" data-widget_type=\"text-editor.default\">\n\t\t\t\t<div class=\"elementor-widget-container\">\n\t\t\t\t\t\t\t<p style=\"font-size: 14px;\">Gezien de late annulering van bepaalde tafels vragen wij betaling bij de reservering.<\/p><p style=\"font-size: 14px;\">In geval van annulering per e-mail naar <a href=\"mailto:info@chaletrobinson.be\" target=\"_blank\" rel=\"noopener\">info@chaletrobinson.be, <\/a>minstens 48 uur voor de datum van de brunch, wordt een voucher ter waarde van het geannuleerde bedrag uitgegeven met een geldigheid van 2 maanden. Anders wordt er geen terugbetaling gedaan.<\/p><p style=\"font-size: 14px;\">Om uw brunch te reserveren \u2013 <strong>die plaatsvindt op zondag en niet op zaterdag<\/strong> \u2013 gelieve \u201cBrunch\u201d te selecteren in het dropdownmenu van onderstaande module.<\/p>\t\t\t\t\t\t<\/div>\n\t\t\t\t<\/div>\n\t\t\t\t\t<\/div>\n\t\t<\/div>\n\t\t\t\t\t<\/div>\n\t\t<\/section>\n\t\t\t\t<section class=\"elementor-section elementor-top-section elementor-element elementor-element-2cd67ac elementor-section-boxed elementor-section-height-default elementor-section-height-default\" data-id=\"2cd67ac\" data-element_type=\"section\">\n\t\t\t\t\t\t<div class=\"elementor-container elementor-column-gap-default\">\n\t\t\t\t\t<div class=\"elementor-column elementor-col-100 elementor-top-column elementor-element elementor-element-46f53c6\" data-id=\"46f53c6\" data-element_type=\"column\">\n\t\t\t<div class=\"elementor-widget-wrap elementor-element-populated\">\n\t\t\t\t\t\t<div class=\"elementor-element elementor-element-90d2e4d elementor-arrows-position-inside elementor-pagination-position-outside elementor-widget elementor-widget-image-carousel\" data-id=\"90d2e4d\" data-element_type=\"widget\" data-settings=\"{&quot;autoplay_speed&quot;:3000,&quot;navigation&quot;:&quot;both&quot;,&quot;autoplay&quot;:&quot;yes&quot;,&quot;pause_on_hover&quot;:&quot;yes&quot;,&quot;pause_on_interaction&quot;:&quot;yes&quot;,&quot;infinite&quot;:&quot;yes&quot;,&quot;speed&quot;:500,&quot;image_spacing_custom&quot;:{&quot;unit&quot;:&quot;px&quot;,&quot;size&quot;:20,&quot;sizes&quot;:[]},&quot;image_spacing_custom_tablet&quot;:{&quot;unit&quot;:&quot;px&quot;,&quot;size&quot;:&quot;&quot;,&quot;sizes&quot;:[]},&quot;image_spacing_custom_mobile&quot;:{&quot;unit&quot;:&quot;px&quot;,&quot;size&quot;:&quot;&quot;,&quot;sizes&quot;:[]}}\" data-widget_type=\"image-carousel.default\">\n\t\t\t\t<div class=\"elementor-widget-container\">\n\t\t\t\t\t<div class=\"elementor-image-carousel-wrapper swiper\" dir=\"ltr\">\n\t\t\t<div class=\"elementor-image-carousel swiper-wrapper\" aria-live=\"off\">\n\t\t\t\t\t\t\t\t<div class=\"swiper-slide\" role=\"group\" aria-roledescription=\"slide\" aria-label=\"1 of 7\"><figure class=\"swiper-slide-inner\"><img decoding=\"async\" class=\"swiper-slide-image\" src=\"https:\/\/chaletrobinson.be\/wp-content\/uploads\/2024\/02\/Chalet-Robinson-Brunch-Buffet-Self-service.png\" alt=\"Chalet Robinson Brunch Buffet Self service\" \/><\/figure><\/div><div class=\"swiper-slide\" role=\"group\" aria-roledescription=\"slide\" aria-label=\"2 of 7\"><figure class=\"swiper-slide-inner\"><img decoding=\"async\" class=\"swiper-slide-image\" src=\"https:\/\/chaletrobinson.be\/wp-content\/uploads\/2025\/09\/Chalet-Robinson-Brunch-Warm-Atmosphere-sharing-buffet-lake-view.jpg\" alt=\"Chalet Robinson Brunch Warm Atmosphere sharing buffet lake view\" \/><\/figure><\/div><div class=\"swiper-slide\" role=\"group\" aria-roledescription=\"slide\" aria-label=\"3 of 7\"><figure class=\"swiper-slide-inner\"><img decoding=\"async\" class=\"swiper-slide-image\" src=\"https:\/\/chaletrobinson.be\/wp-content\/uploads\/2024\/02\/Chalet-Robinson-Outdoor-Buffet.png\" alt=\"Chalet Robinson Outdoor Buffet\" \/><\/figure><\/div><div class=\"swiper-slide\" role=\"group\" aria-roledescription=\"slide\" aria-label=\"4 of 7\"><figure class=\"swiper-slide-inner\"><img decoding=\"async\" class=\"swiper-slide-image\" src=\"https:\/\/chaletrobinson.be\/wp-content\/uploads\/2025\/09\/Chalet-Robinson-Brunch-Terrace-Waffle-making.jpg\" alt=\"Chalet Robinson Brunch Terrace Waffle making\" \/><\/figure><\/div><div class=\"swiper-slide\" role=\"group\" aria-roledescription=\"slide\" aria-label=\"5 of 7\"><figure class=\"swiper-slide-inner\"><img decoding=\"async\" class=\"swiper-slide-image\" src=\"https:\/\/chaletrobinson.be\/wp-content\/uploads\/2024\/02\/Chalet-Robinson-Bread-Buffet.png\" alt=\"Chalet Robinson Bread Buffet\" \/><\/figure><\/div><div class=\"swiper-slide\" role=\"group\" aria-roledescription=\"slide\" aria-label=\"6 of 7\"><figure class=\"swiper-slide-inner\"><img decoding=\"async\" class=\"swiper-slide-image\" src=\"https:\/\/chaletrobinson.be\/wp-content\/uploads\/2025\/09\/Chalet-Robinson-Brunch-Warm-Atmosphere-bacon-Service-buffet.jpg\" alt=\"Chalet Robinson Brunch Warm Atmosphere bacon Service buffet\" \/><\/figure><\/div><div class=\"swiper-slide\" role=\"group\" aria-roledescription=\"slide\" aria-label=\"7 of 7\"><figure class=\"swiper-slide-inner\"><img decoding=\"async\" class=\"swiper-slide-image\" src=\"https:\/\/chaletrobinson.be\/wp-content\/uploads\/2024\/02\/Chalet-Robinson-Yummy.png\" alt=\"Chalet Robinson Yummy\" \/><\/figure><\/div>\t\t\t<\/div>\n\t\t\t\t\t\t\t\t\t\t\t\t<div class=\"elementor-swiper-button elementor-swiper-button-prev\" role=\"button\" tabindex=\"0\">\n\t\t\t\t\t\t<i aria-hidden=\"true\" class=\"eicon-chevron-left\"><\/i>\t\t\t\t\t<\/div>\n\t\t\t\t\t<div class=\"elementor-swiper-button elementor-swiper-button-next\" role=\"button\" tabindex=\"0\">\n\t\t\t\t\t\t<i aria-hidden=\"true\" class=\"eicon-chevron-right\"><\/i>\t\t\t\t\t<\/div>\n\t\t\t\t\n\t\t\t\t\t\t\t\t\t<div class=\"swiper-pagination\"><\/div>\n\t\t\t\t\t\t\t\t\t<\/div>\n\t\t\t\t<\/div>\n\t\t\t\t<\/div>\n\t\t\t\t\t<\/div>\n\t\t<\/div>\n\t\t\t\t\t<\/div>\n\t\t<\/section>\n\t\t\t\t<section class=\"elementor-section elementor-top-section elementor-element elementor-element-53aaee1 elementor-section-stretched animated-slow elementor-section-height-min-height elementor-section-full_width elementor-section-height-default elementor-section-items-middle\" data-id=\"53aaee1\" data-element_type=\"section\" data-settings=\"{&quot;stretch_section&quot;:&quot;section-stretched&quot;,&quot;background_background&quot;:&quot;classic&quot;,&quot;animation&quot;:&quot;none&quot;}\">\n\t\t\t\t\t\t<div class=\"elementor-container elementor-column-gap-default\">\n\t\t\t\t\t<div class=\"elementor-column elementor-col-100 elementor-top-column elementor-element elementor-element-4164720\" data-id=\"4164720\" data-element_type=\"column\" data-settings=\"{&quot;background_background&quot;:&quot;classic&quot;}\">\n\t\t\t<div class=\"elementor-widget-wrap elementor-element-populated\">\n\t\t\t\t\t\t<div class=\"elementor-element elementor-element-12999c0 elementor-widget elementor-widget-heading\" data-id=\"12999c0\" data-element_type=\"widget\" data-widget_type=\"heading.default\">\n\t\t\t\t<div class=\"elementor-widget-container\">\n\t\t\t<h1 class=\"elementor-heading-title elementor-size-default\">OPENINGSUREN<\/h1>\t\t<\/div>\n\t\t\t\t<\/div>\n\t\t\t\t<section class=\"elementor-section elementor-inner-section elementor-element elementor-element-b9744bd elementor-section-boxed elementor-section-height-default elementor-section-height-default\" data-id=\"b9744bd\" data-element_type=\"section\">\n\t\t\t\t\t\t<div class=\"elementor-container elementor-column-gap-default\">\n\t\t\t\t\t<div class=\"elementor-column elementor-col-100 elementor-inner-column elementor-element elementor-element-164b8d7\" data-id=\"164b8d7\" data-element_type=\"column\">\n\t\t\t<div class=\"elementor-widget-wrap elementor-element-populated\">\n\t\t\t\t\t\t<div class=\"elementor-element elementor-element-c5d7cd8 elementor-widget elementor-widget-text-editor\" data-id=\"c5d7cd8\" data-element_type=\"widget\" data-widget_type=\"text-editor.default\">\n\t\t\t\t<div class=\"elementor-widget-container\">\n\t\t\t\t\t\t\t<p>Op zon- en feestdagen<br \/>van 10:30 tot 12:30 en van 13:00 tot 15:00<\/p>\n\t\t\t\t\t\t<\/div>\n\t\t\t\t<\/div>\n\t\t\t\t\t<\/div>\n\t\t<\/div>\n\t\t\t\t\t<\/div>\n\t\t<\/section>\n\t\t\t\t\t<\/div>\n\t\t<\/div>\n\t\t\t\t\t<\/div>\n\t\t<\/section>\n\t\t\t\t<section class=\"elementor-section elementor-top-section elementor-element elementor-element-0fee9f4 elementor-section-stretched animated-slow elementor-section-height-min-height elementor-section-boxed elementor-section-height-default elementor-section-items-middle\" data-id=\"0fee9f4\" data-element_type=\"section\" id=\"reserveren\" data-settings=\"{&quot;stretch_section&quot;:&quot;section-stretched&quot;,&quot;background_background&quot;:&quot;classic&quot;,&quot;animation&quot;:&quot;none&quot;}\">\n\t\t\t\t\t\t<div class=\"elementor-container elementor-column-gap-default\">\n\t\t\t\t\t<div class=\"elementor-column elementor-col-100 elementor-top-column elementor-element elementor-element-8941a4f\" data-id=\"8941a4f\" data-element_type=\"column\" data-settings=\"{&quot;background_background&quot;:&quot;classic&quot;}\">\n\t\t\t<div class=\"elementor-widget-wrap elementor-element-populated\">\n\t\t\t\t\t\t<div class=\"elementor-element elementor-element-502d315 elementor-widget elementor-widget-heading\" data-id=\"502d315\" data-element_type=\"widget\" data-widget_type=\"heading.default\">\n\t\t\t\t<div class=\"elementor-widget-container\">\n\t\t\t<h1 class=\"elementor-heading-title elementor-size-large\">Ik reserveer mijn tafeltje<\/h1>\t\t<\/div>\n\t\t\t\t<\/div>\n\t\t\t\t<div class=\"elementor-element elementor-element-e94717f elementor-widget-divider--view-line elementor-widget elementor-widget-divider\" data-id=\"e94717f\" data-element_type=\"widget\" data-widget_type=\"divider.default\">\n\t\t\t\t<div class=\"elementor-widget-container\">\n\t\t\t\t\t<div class=\"elementor-divider\">\n\t\t\t<span class=\"elementor-divider-separator\">\n\t\t\t\t\t\t<\/span>\n\t\t<\/div>\n\t\t\t\t<\/div>\n\t\t\t\t<\/div>\n\t\t\t\t<div class=\"elementor-element elementor-element-5fb46da elementor-widget elementor-widget-text-editor\" data-id=\"5fb46da\" data-element_type=\"widget\" data-widget_type=\"text-editor.default\">\n\t\t\t\t<div class=\"elementor-widget-container\">\n\t\t\t\t\t\t\t<p>Gelieve onderstaand formulier in te vullen om uw tafel te reserveren.<\/p><ul><li><b>GROEPEN:<\/b> Bent u met meer dan 10 personen? Bezoek dan <a href=\"https:\/\/chaletrobinson.be\/nl\/groepsmenu\/\">deze pagina<\/a>.<\/li><li><b>BRUNCH:<\/b> Onze brunches vinden enkel plaats <strong>op zondag en bepaalde feestdagen, niet op zaterdag<\/strong>. Ook als u met meer dan 10 personen bent, kunt u direct reserveren via het onderstaande formulier.<\/li><li><b>PRIV\u00c9-EVENEMENTEN:<\/b> Wilt u de hele locatie reserveren (huwelijk, personeelsfeest, teambuilding, enz.)? <a href=\"https:\/\/chaletrobinson.be\/nl\/eventlocatie\/\">Klik hier<\/a>!<\/li><\/ul>\t\t\t\t\t\t<\/div>\n\t\t\t\t<\/div>\n\t\t\t\t<div class=\"elementor-element elementor-element-6e742be elementor-widget elementor-widget-html\" data-id=\"6e742be\" data-element_type=\"widget\" data-widget_type=\"html.default\">\n\t\t\t\t<div class=\"elementor-widget-container\">\n\t\t\t<iframe src=' https:\/\/bookings.zenchef.com\/results?rid=370834&pid=1001&fullscreen=1&lang=nl' frameborder='0' scrolling='yes' width='100%' height='630' style='display: block; margin: 0 auto; max-width: 600px; height:630px;'><\/iframe>\t\t<\/div>\n\t\t\t\t<\/div>\n\t\t\t\t\t<\/div>\n\t\t<\/div>\n\t\t\t\t\t<\/div>\n\t\t<\/section>\n\t\t\t\t<\/div>\n\t\t","protected":false},"excerpt":{"rendered":"<p>Uw brunch in Chalet Robinson Op zondag Smul van de beste brunch in Brussel en omstreken! Vanaf 10:30 uur voor de vroege vogels, met een tweede service om 13:00 uur voor de liefhebbers van uitslapen, nodigt Chalet Robinson u uit om te genieten van een uitstekende zoet-zoute brunch. Op het menu: Een omeletbar voor op [&hellip;]<\/p>\n","protected":false},"author":1,"featured_media":0,"parent":0,"menu_order":0,"comment_status":"closed","ping_status":"closed","template":"elementor_header_footer","meta":{"_mo_disable_npp":"","footnotes":""},"class_list":["post-9308","page","type-page","status-publish","hentry"],"jetpack_sharing_enabled":true,"_links":{"self":[{"href":"https:\/\/chaletrobinson.be\/nl\/wp-json\/wp\/v2\/pages\/9308"}],"collection":[{"href":"https:\/\/chaletrobinson.be\/nl\/wp-json\/wp\/v2\/pages"}],"about":[{"href":"https:\/\/chaletrobinson.be\/nl\/wp-json\/wp\/v2\/types\/page"}],"author":[{"embeddable":true,"href":"https:\/\/chaletrobinson.be\/nl\/wp-json\/wp\/v2\/users\/1"}],"replies":[{"embeddable":true,"href":"https:\/\/chaletrobinson.be\/nl\/wp-json\/wp\/v2\/comments?post=9308"}],"version-history":[{"count":56,"href":"https:\/\/chaletrobinson.be\/nl\/wp-json\/wp\/v2\/pages\/9308\/revisions"}],"predecessor-version":[{"id":22401,"href":"https:\/\/chaletrobinson.be\/nl\/wp-json\/wp\/v2\/pages\/9308\/revisions\/22401"}],"wp:attachment":[{"href":"https:\/\/chaletrobinson.be\/nl\/wp-json\/wp\/v2\/media?parent=9308"}],"curies":[{"name":"wp","href":"https:\/\/api.w.org\/{rel}","templated":true}]}}